{"id":2439,"date":"2024-05-07T08:01:25","date_gmt":"2024-05-07T11:01:25","guid":{"rendered":"https:\/\/rioservicosmedicos.superclinicas.com.br\/preparo-anuscopia-copy\/"},"modified":"2026-01-10T17:46:43","modified_gmt":"2026-01-10T20:46:43","slug":"preparo-phmetria-de-esofago","status":"publish","type":"page","link":"https:\/\/wpt-kvry.186-209-113-107.cpanel.site\/?page_id=2439","title":{"rendered":"Preparo pHmetria de Es\u00f4fago"},"content":{"rendered":"\t\t<div data-elementor-type=\"wp-page\" data-elementor-id=\"2439\" class=\"elementor elementor-2439\" data-elementor-post-type=\"page\">\n\t\t\t\t\t\t<section class=\"elementor-section elementor-top-section elementor-element elementor-element-a4cc47c elementor-section-boxed elementor-section-height-default elementor-section-height-default\" data-id=\"a4cc47c\" data-element_type=\"section\" data-e-type=\"section\" data-settings=\"{&quot;background_background&quot;:&quot;classic&quot;}\">\n\t\t\t\t\t\t<div class=\"elementor-container elementor-column-gap-default\">\n\t\t\t\t\t<div class=\"elementor-column elementor-col-100 elementor-top-column elementor-element elementor-element-9ce0072\" data-id=\"9ce0072\" data-element_type=\"column\" data-e-type=\"column\">\n\t\t\t<div class=\"elementor-widget-wrap elementor-element-populated\">\n\t\t\t\t\t\t<div class=\"elementor-element elementor-element-7b85ca5 elementor-widget elementor-widget-heading\" data-id=\"7b85ca5\" data-element_type=\"widget\" data-e-type=\"widget\" data-widget_type=\"heading.default\">\n\t\t\t\t<div class=\"elementor-widget-container\">\n\t\t\t\t\t<h2 class=\"elementor-heading-title elementor-size-default\">INSTRU\u00c7\u00c3O DE PREPARO<\/h2>\t\t\t\t<\/div>\n\t\t\t\t<\/div>\n\t\t\t\t<div class=\"elementor-element elementor-element-da0a718 elementor-widget elementor-widget-text-editor\" data-id=\"da0a718\" data-element_type=\"widget\" data-e-type=\"widget\" data-widget_type=\"text-editor.default\">\n\t\t\t\t<div class=\"elementor-widget-container\">\n\t\t\t\t\t\t\t\t\tpHmetria de Es\u00f4fago\t\t\t\t\t\t\t\t<\/div>\n\t\t\t\t<\/div>\n\t\t\t\t\t<\/div>\n\t\t<\/div>\n\t\t\t\t\t<\/div>\n\t\t<\/section>\n\t\t\t\t<section class=\"elementor-section elementor-top-section elementor-element elementor-element-ef1abfe elementor-section-boxed elementor-section-height-default elementor-section-height-default\" data-id=\"ef1abfe\" data-element_type=\"section\" data-e-type=\"section\" data-settings=\"{&quot;background_background&quot;:&quot;classic&quot;}\">\n\t\t\t\t\t\t<div class=\"elementor-container elementor-column-gap-default\">\n\t\t\t\t\t<div class=\"elementor-column elementor-col-100 elementor-top-column elementor-element elementor-element-1b29855\" data-id=\"1b29855\" data-element_type=\"column\" data-e-type=\"column\">\n\t\t\t<div class=\"elementor-widget-wrap elementor-element-populated\">\n\t\t\t\t\t\t<div class=\"elementor-element elementor-element-c05c27b elementor-widget elementor-widget-text-editor\" data-id=\"c05c27b\" data-element_type=\"widget\" data-e-type=\"widget\" data-widget_type=\"text-editor.default\">\n\t\t\t\t<div class=\"elementor-widget-container\">\n\t\t\t\t\t\t\t\t\tPrepara\u00e7\u00e3o\t\t\t\t\t\t\t\t<\/div>\n\t\t\t\t<\/div>\n\t\t\t\t<div class=\"elementor-element elementor-element-65d9f8b elementor-widget elementor-widget-text-editor\" data-id=\"65d9f8b\" data-element_type=\"widget\" data-e-type=\"widget\" data-widget_type=\"text-editor.default\">\n\t\t\t\t<div class=\"elementor-widget-container\">\n\t\t\t\t\t\t\t\t\t<p>\u00a0&#8211; 7 dias antes do exame suspender o uso de medica\u00e7\u00f5es para o est\u00f4mago, como Omeprazol, Esomeprazol, Pantoprazol, Bromoprida, Domperidona (Motilium) e\/ou anti\u00e1cidos ( Mylanta Plus)<\/p>\t\t\t\t\t\t\t\t<\/div>\n\t\t\t\t<\/div>\n\t\t\t\t\t<\/div>\n\t\t<\/div>\n\t\t\t\t\t<\/div>\n\t\t<\/section>\n\t\t\t\t<section class=\"elementor-section elementor-top-section elementor-element elementor-element-94c22d9 elementor-section-boxed elementor-section-height-default elementor-section-height-default\" data-id=\"94c22d9\" data-element_type=\"section\" data-e-type=\"section\" data-settings=\"{&quot;background_background&quot;:&quot;classic&quot;}\">\n\t\t\t\t\t\t<div class=\"elementor-container elementor-column-gap-default\">\n\t\t\t\t\t<div class=\"elementor-column elementor-col-100 elementor-top-column elementor-element elementor-element-6148c59\" data-id=\"6148c59\" data-element_type=\"column\" data-e-type=\"column\">\n\t\t\t<div class=\"elementor-widget-wrap elementor-element-populated\">\n\t\t\t\t\t\t<div class=\"elementor-element elementor-element-8361bae elementor-widget elementor-widget-text-editor\" data-id=\"8361bae\" data-element_type=\"widget\" data-e-type=\"widget\" data-widget_type=\"text-editor.default\">\n\t\t\t\t<div class=\"elementor-widget-container\">\n\t\t\t\t\t\t\t\t\t Dia do exame\t\t\t\t\t\t\t\t<\/div>\n\t\t\t\t<\/div>\n\t\t\t\t<div class=\"elementor-element elementor-element-7ca9ff3 elementor-widget elementor-widget-text-editor\" data-id=\"7ca9ff3\" data-element_type=\"widget\" data-e-type=\"widget\" data-widget_type=\"text-editor.default\">\n\t\t\t\t<div class=\"elementor-widget-container\">\n\t\t\t\t\t\t\t\t\t<p>-At\u00e9 no m\u00e1ximo \u00e0s 8h da manh\u00e3, \u00e9 permitido tomar ch\u00e1 ou suco e comer 4 (quatro) bolachas de \u00e1gua e sal.<\/p><p>&#8211; Tomar banho antes do exame<\/p><p>&#8211; \u00c9 proibido ingerir leite ou derivados (queijo, iogurte).<\/p><p><b>N\u00c3O COMER E NEM BEBER QUALQUER L\u00cdQUIDO AT\u00c9 A HORA DO EXAME<\/b><\/p><p>&#8211; Paciente com 17 anos ou menos deve vir acompanhado de respons\u00e1velmaior de idade.<\/p><p>&#8211; Caso j\u00e1 tenha realizado exame de Endoscopia, Manometria ou pHmetria de Es\u00f4fago, favor trazer o resultado<\/p><p>&#8211; Trazer pedido m\u00e9dico carimbado e assinado pelo m\u00e9dico. Para conv\u00eanios e cart\u00f5es de descontos, se necess\u00e1rio, tamb\u00e9m a guia de autoriza\u00e7\u00e3o endere\u00e7ada para Rio Servi\u00e7os M\u00e9dicos, carteirinha e documento com foto.<\/p>\t\t\t\t\t\t\t\t<\/div>\n\t\t\t\t<\/div>\n\t\t\t\t\t<\/div>\n\t\t<\/div>\n\t\t\t\t\t<\/div>\n\t\t<\/section>\n\t\t\t\t<section class=\"elementor-section elementor-top-section elementor-element elementor-element-fbbe55d elementor-section-height-min-height elementor-section-boxed elementor-section-height-default elementor-section-items-middle\" data-id=\"fbbe55d\" data-element_type=\"section\" data-e-type=\"section\" data-settings=\"{&quot;background_background&quot;:&quot;classic&quot;}\">\n\t\t\t\t\t\t\t<div class=\"elementor-background-overlay\"><\/div>\n\t\t\t\t\t\t\t<div class=\"elementor-container elementor-column-gap-default\">\n\t\t\t\t\t<div class=\"elementor-column elementor-col-50 elementor-top-column elementor-element elementor-element-a96c752\" data-id=\"a96c752\" data-element_type=\"column\" data-e-type=\"column\">\n\t\t\t<div class=\"elementor-widget-wrap elementor-element-populated\">\n\t\t\t\t\t\t<div class=\"elementor-element elementor-element-e6f1f96 elementor-widget elementor-widget-heading\" data-id=\"e6f1f96\" data-element_type=\"widget\" data-e-type=\"widget\" data-widget_type=\"heading.default\">\n\t\t\t\t<div class=\"elementor-widget-container\">\n\t\t\t\t\t<h2 class=\"elementor-heading-title elementor-size-default\">Solicite seu atendimento com hora marcada<\/h2>\t\t\t\t<\/div>\n\t\t\t\t<\/div>\n\t\t\t\t<div class=\"elementor-element elementor-element-62b2f25 elementor-widget elementor-widget-text-editor\" data-id=\"62b2f25\" data-element_type=\"widget\" data-e-type=\"widget\" data-widget_type=\"text-editor.default\">\n\t\t\t\t<div class=\"elementor-widget-container\">\n\t\t\t\t\t\t\t\t\tEntre em contato e fale conosco\t\t\t\t\t\t\t\t<\/div>\n\t\t\t\t<\/div>\n\t\t\t\t<div class=\"elementor-element elementor-element-d9acfcb elementor-align-center elementor-widget elementor-widget-button\" data-id=\"d9acfcb\" data-element_type=\"widget\" data-e-type=\"widget\" data-widget_type=\"button.default\">\n\t\t\t\t<div class=\"elementor-widget-container\">\n\t\t\t\t\t\t\t\t\t<div class=\"elementor-button-wrapper\">\n\t\t\t\t\t<a class=\"elementor-button elementor-button-link elementor-size-md\" href=\"https:\/\/api.whatsapp.com\/send?phone=5511999002771&#038;text=Ol%C3%A1,%20venho%20do%20site%20e%20gostaria%20de%20esclarecer%20algumas%20d%C3%BAvidas\" target=\"_blank\">\n\t\t\t\t\t\t<span class=\"elementor-button-content-wrapper\">\n\t\t\t\t\t\t<span class=\"elementor-button-icon\">\n\t\t\t\t<i aria-hidden=\"true\" class=\"fab fa-whatsapp\"><\/i>\t\t\t<\/span>\n\t\t\t\t\t\t\t\t\t<span class=\"elementor-button-text\">Entre em contato pelo WhatsApp<\/span>\n\t\t\t\t\t<\/span>\n\t\t\t\t\t<\/a>\n\t\t\t\t<\/div>\n\t\t\t\t\t\t\t\t<\/div>\n\t\t\t\t<\/div>\n\t\t\t\t<div class=\"elementor-element elementor-element-ea6476a elementor-widget elementor-widget-text-editor\" data-id=\"ea6476a\" data-element_type=\"widget\" data-e-type=\"widget\" data-widget_type=\"text-editor.default\">\n\t\t\t\t<div class=\"elementor-widget-container\">\n\t\t\t\t\t\t\t\t\tOu ligue para:\t\t\t\t\t\t\t\t<\/div>\n\t\t\t\t<\/div>\n\t\t\t\t<div class=\"elementor-element elementor-element-601d7ca elementor-widget elementor-widget-text-editor\" data-id=\"601d7ca\" data-element_type=\"widget\" data-e-type=\"widget\" data-widget_type=\"text-editor.default\">\n\t\t\t\t<div class=\"elementor-widget-container\">\n\t\t\t\t\t\t\t\t\t(11) 4994-2385\t\t\t\t\t\t\t\t<\/div>\n\t\t\t\t<\/div>\n\t\t\t\t\t<\/div>\n\t\t<\/div>\n\t\t\t\t<div class=\"elementor-column elementor-col-50 elementor-top-column elementor-element elementor-element-a224a25\" data-id=\"a224a25\" data-element_type=\"column\" data-e-type=\"column\">\n\t\t\t<div class=\"elementor-widget-wrap elementor-element-populated\">\n\t\t\t\t\t\t<div class=\"elementor-element elementor-element-66c2994 elementor-widget elementor-widget-image\" data-id=\"66c2994\" data-element_type=\"widget\" data-e-type=\"widget\" data-widget_type=\"image.default\">\n\t\t\t\t<div class=\"elementor-widget-container\">\n\t\t\t\t\t\t\t\t\t\t\t\t\t\t\t<img fetchpriority=\"high\" decoding=\"async\" width=\"640\" height=\"480\" src=\"https:\/\/wpt-kvry.186-209-113-107.cpanel.site\/wp-content\/uploads\/2024\/06\/clinica54.webp\" class=\"attachment-large size-large wp-image-2758\" alt=\"\" srcset=\"https:\/\/wpt-kvry.186-209-113-107.cpanel.site\/wp-content\/uploads\/2024\/06\/clinica54.webp 640w, https:\/\/wpt-kvry.186-209-113-107.cpanel.site\/wp-content\/uploads\/2024\/06\/clinica54-300x225.webp 300w\" sizes=\"(max-width: 640px) 100vw, 640px\" \/>\t\t\t\t\t\t\t\t\t\t\t\t\t\t\t<\/div>\n\t\t\t\t<\/div>\n\t\t\t\t\t<\/div>\n\t\t<\/div>\n\t\t\t\t\t<\/div>\n\t\t<\/section>\n\t\t\t\t<section class=\"elementor-section elementor-top-section elementor-element elementor-element-53dcc3c elementor-section-boxed elementor-section-height-default elementor-section-height-default\" data-id=\"53dcc3c\" data-element_type=\"section\" data-e-type=\"section\" data-settings=\"{&quot;background_background&quot;:&quot;classic&quot;}\">\n\t\t\t\t\t\t<div class=\"elementor-container elementor-column-gap-default\">\n\t\t\t\t\t<div class=\"elementor-column elementor-col-100 elementor-top-column elementor-element elementor-element-2805da4\" data-id=\"2805da4\" data-element_type=\"column\" data-e-type=\"column\">\n\t\t\t<div class=\"elementor-widget-wrap elementor-element-populated\">\n\t\t\t\t\t\t<div class=\"elementor-element elementor-element-4a03666 elementor-widget elementor-widget-heading\" data-id=\"4a03666\" data-element_type=\"widget\" data-e-type=\"widget\" data-widget_type=\"heading.default\">\n\t\t\t\t<div class=\"elementor-widget-container\">\n\t\t\t\t\t<h2 class=\"elementor-heading-title elementor-size-default\">FA\u00c7A-NOS UMA VISiTA<\/h2>\t\t\t\t<\/div>\n\t\t\t\t<\/div>\n\t\t\t\t<div class=\"elementor-element elementor-element-9eaeadf elementor-widget elementor-widget-text-editor\" data-id=\"9eaeadf\" data-element_type=\"widget\" data-e-type=\"widget\" data-widget_type=\"text-editor.default\">\n\t\t\t\t<div class=\"elementor-widget-container\">\n\t\t\t\t\t\t\t\t\tEntre em contato e agende seu exame\t\t\t\t\t\t\t\t<\/div>\n\t\t\t\t<\/div>\n\t\t\t\t<div class=\"elementor-element elementor-element-e0046fd gallery-spacing-custom elementor-widget elementor-widget-image-gallery\" data-id=\"e0046fd\" data-element_type=\"widget\" data-e-type=\"widget\" data-widget_type=\"image-gallery.default\">\n\t\t\t\t<div class=\"elementor-widget-container\">\n\t\t\t\t\t\t\t<div class=\"elementor-image-gallery\">\n\t\t\t<div id='gallery-1' class='gallery galleryid-2439 gallery-columns-3 gallery-size-full'><figure class='gallery-item'>\n\t\t\t<div class='gallery-icon landscape'>\n\t\t\t\t<img decoding=\"async\" width=\"640\" height=\"480\" src=\"https:\/\/wpt-kvry.186-209-113-107.cpanel.site\/wp-content\/uploads\/2024\/06\/clinica50.webp\" class=\"attachment-full size-full\" alt=\"\" srcset=\"https:\/\/wpt-kvry.186-209-113-107.cpanel.site\/wp-content\/uploads\/2024\/06\/clinica50.webp 640w, https:\/\/wpt-kvry.186-209-113-107.cpanel.site\/wp-content\/uploads\/2024\/06\/clinica50-300x225.webp 300w\" sizes=\"(max-width: 640px) 100vw, 640px\" \/>\n\t\t\t<\/div><\/figure><figure class='gallery-item'>\n\t\t\t<div class='gallery-icon landscape'>\n\t\t\t\t<img decoding=\"async\" width=\"640\" height=\"480\" src=\"https:\/\/wpt-kvry.186-209-113-107.cpanel.site\/wp-content\/uploads\/2024\/06\/clinica51.webp\" class=\"attachment-full size-full\" alt=\"\" srcset=\"https:\/\/wpt-kvry.186-209-113-107.cpanel.site\/wp-content\/uploads\/2024\/06\/clinica51.webp 640w, https:\/\/wpt-kvry.186-209-113-107.cpanel.site\/wp-content\/uploads\/2024\/06\/clinica51-300x225.webp 300w\" sizes=\"(max-width: 640px) 100vw, 640px\" \/>\n\t\t\t<\/div><\/figure><figure class='gallery-item'>\n\t\t\t<div class='gallery-icon landscape'>\n\t\t\t\t<img loading=\"lazy\" decoding=\"async\" width=\"640\" height=\"480\" src=\"https:\/\/wpt-kvry.186-209-113-107.cpanel.site\/wp-content\/uploads\/2024\/06\/clinica52.webp\" class=\"attachment-full size-full\" alt=\"\" srcset=\"https:\/\/wpt-kvry.186-209-113-107.cpanel.site\/wp-content\/uploads\/2024\/06\/clinica52.webp 640w, https:\/\/wpt-kvry.186-209-113-107.cpanel.site\/wp-content\/uploads\/2024\/06\/clinica52-300x225.webp 300w\" sizes=\"(max-width: 640px) 100vw, 640px\" \/>\n\t\t\t<\/div><\/figure><figure class='gallery-item'>\n\t\t\t<div class='gallery-icon landscape'>\n\t\t\t\t<img loading=\"lazy\" decoding=\"async\" width=\"640\" height=\"480\" src=\"https:\/\/wpt-kvry.186-209-113-107.cpanel.site\/wp-content\/uploads\/2024\/06\/clinica53.webp\" class=\"attachment-full size-full\" alt=\"\" srcset=\"https:\/\/wpt-kvry.186-209-113-107.cpanel.site\/wp-content\/uploads\/2024\/06\/clinica53.webp 640w, https:\/\/wpt-kvry.186-209-113-107.cpanel.site\/wp-content\/uploads\/2024\/06\/clinica53-300x225.webp 300w\" sizes=\"(max-width: 640px) 100vw, 640px\" \/>\n\t\t\t<\/div><\/figure><figure class='gallery-item'>\n\t\t\t<div class='gallery-icon landscape'>\n\t\t\t\t<img loading=\"lazy\" decoding=\"async\" width=\"640\" height=\"480\" src=\"https:\/\/wpt-kvry.186-209-113-107.cpanel.site\/wp-content\/uploads\/2024\/06\/clinica54.webp\" class=\"attachment-full size-full\" alt=\"\" srcset=\"https:\/\/wpt-kvry.186-209-113-107.cpanel.site\/wp-content\/uploads\/2024\/06\/clinica54.webp 640w, https:\/\/wpt-kvry.186-209-113-107.cpanel.site\/wp-content\/uploads\/2024\/06\/clinica54-300x225.webp 300w\" sizes=\"(max-width: 640px) 100vw, 640px\" \/>\n\t\t\t<\/div><\/figure><figure class='gallery-item'>\n\t\t\t<div class='gallery-icon landscape'>\n\t\t\t\t<img loading=\"lazy\" decoding=\"async\" width=\"640\" height=\"480\" src=\"https:\/\/wpt-kvry.186-209-113-107.cpanel.site\/wp-content\/uploads\/2024\/06\/clinica55.webp\" class=\"attachment-full size-full\" alt=\"\" srcset=\"https:\/\/wpt-kvry.186-209-113-107.cpanel.site\/wp-content\/uploads\/2024\/06\/clinica55.webp 640w, https:\/\/wpt-kvry.186-209-113-107.cpanel.site\/wp-content\/uploads\/2024\/06\/clinica55-300x225.webp 300w\" sizes=\"(max-width: 640px) 100vw, 640px\" \/>\n\t\t\t<\/div><\/figure>\n\t\t<\/div>\n\t\t<\/div>\n\t\t\t\t\t\t<\/div>\n\t\t\t\t<\/div>\n\t\t\t\t\t<\/div>\n\t\t<\/div>\n\t\t\t\t\t<\/div>\n\t\t<\/section>\n\t\t\t\t<\/div>\n\t\t","protected":false},"excerpt":{"rendered":"<p>INSTRU\u00c7\u00c3O DE PREPARO pHmetria de Es\u00f4fagoPrepara\u00e7\u00e3o \u00a0&#8211; 7 dias antes do exame suspender o uso de medica\u00e7\u00f5es para o est\u00f4mago, como Omeprazol, Esomeprazol, Pantoprazol, Bromoprida, Domperidona (Motilium) e\/ou anti\u00e1cidos ( Mylanta Plus) Dia do exame -At\u00e9 no m\u00e1ximo \u00e0s 8h da manh\u00e3, \u00e9 permitido tomar ch\u00e1 ou suco e comer 4 (quatro) bolachas de \u00e1gua [&hellip;]<\/p>\n","protected":false},"author":1,"featured_media":0,"parent":0,"menu_order":0,"comment_status":"closed","ping_status":"closed","template":"","meta":{"footnotes":""},"class_list":["post-2439","page","type-page","status-publish","hentry"],"yoast_head":"<!-- This site is optimized with the Yoast SEO plugin v27.5 - https:\/\/yoast.com\/product\/yoast-seo-wordpress\/ -->\n<title>Preparo pHmetria de Es\u00f4fago - Servi\u00e7os M\u00e9dicos<\/title>\n<meta name=\"robots\" content=\"noindex, follow, max-snippet:-1, max-image-preview:large, max-video-preview:-1\" \/>\n<meta property=\"og:locale\" content=\"pt_BR\" \/>\n<meta property=\"og:type\" content=\"article\" \/>\n<meta property=\"og:title\" content=\"Preparo pHmetria de Es\u00f4fago - Servi\u00e7os M\u00e9dicos\" \/>\n<meta property=\"og:description\" content=\"INSTRU\u00c7\u00c3O DE PREPARO pHmetria de Es\u00f4fagoPrepara\u00e7\u00e3o \u00a0&#8211; 7 dias antes do exame suspender o uso de medica\u00e7\u00f5es para o est\u00f4mago, como Omeprazol, Esomeprazol, Pantoprazol, Bromoprida, Domperidona (Motilium) e\/ou anti\u00e1cidos ( Mylanta Plus) Dia do exame -At\u00e9 no m\u00e1ximo \u00e0s 8h da manh\u00e3, \u00e9 permitido tomar ch\u00e1 ou suco e comer 4 (quatro) bolachas de \u00e1gua [&hellip;]\" \/>\n<meta property=\"og:url\" content=\"https:\/\/rioservicosmedicos.com.br\/?page_id=2439\" \/>\n<meta property=\"og:site_name\" content=\"Servi\u00e7os M\u00e9dicos\" \/>\n<meta property=\"article:modified_time\" content=\"2026-01-10T20:46:43+00:00\" \/>\n<meta property=\"og:image\" content=\"https:\/\/wpt-kvry.186-209-113-107.cpanel.site\/wp-content\/uploads\/2024\/06\/clinica54.webp\" \/>\n<meta name=\"twitter:card\" content=\"summary_large_image\" \/>\n<meta name=\"twitter:label1\" content=\"Est. tempo de leitura\" \/>\n\t<meta name=\"twitter:data1\" content=\"1 minuto\" \/>\n<script type=\"application\/ld+json\" class=\"yoast-schema-graph\">{\"@context\":\"https:\\\/\\\/schema.org\",\"@graph\":[{\"@type\":\"WebPage\",\"@id\":\"https:\\\/\\\/rioservicosmedicos.com.br\\\/?page_id=2439\",\"url\":\"https:\\\/\\\/rioservicosmedicos.com.br\\\/?page_id=2439\",\"name\":\"Preparo pHmetria de Es\u00f4fago - Servi\u00e7os M\u00e9dicos\",\"isPartOf\":{\"@id\":\"https:\\\/\\\/rioservicosmedicos.com.br\\\/#website\"},\"primaryImageOfPage\":{\"@id\":\"https:\\\/\\\/rioservicosmedicos.com.br\\\/?page_id=2439#primaryimage\"},\"image\":{\"@id\":\"https:\\\/\\\/rioservicosmedicos.com.br\\\/?page_id=2439#primaryimage\"},\"thumbnailUrl\":\"https:\\\/\\\/wpt-kvry.186-209-113-107.cpanel.site\\\/wp-content\\\/uploads\\\/2024\\\/06\\\/clinica54.webp\",\"datePublished\":\"2024-05-07T11:01:25+00:00\",\"dateModified\":\"2026-01-10T20:46:43+00:00\",\"breadcrumb\":{\"@id\":\"https:\\\/\\\/rioservicosmedicos.com.br\\\/?page_id=2439#breadcrumb\"},\"inLanguage\":\"pt-BR\",\"potentialAction\":[{\"@type\":\"ReadAction\",\"target\":[\"https:\\\/\\\/rioservicosmedicos.com.br\\\/?page_id=2439\"]}]},{\"@type\":\"ImageObject\",\"inLanguage\":\"pt-BR\",\"@id\":\"https:\\\/\\\/rioservicosmedicos.com.br\\\/?page_id=2439#primaryimage\",\"url\":\"https:\\\/\\\/wpt-kvry.186-209-113-107.cpanel.site\\\/wp-content\\\/uploads\\\/2024\\\/06\\\/clinica54.webp\",\"contentUrl\":\"https:\\\/\\\/wpt-kvry.186-209-113-107.cpanel.site\\\/wp-content\\\/uploads\\\/2024\\\/06\\\/clinica54.webp\"},{\"@type\":\"BreadcrumbList\",\"@id\":\"https:\\\/\\\/rioservicosmedicos.com.br\\\/?page_id=2439#breadcrumb\",\"itemListElement\":[{\"@type\":\"ListItem\",\"position\":1,\"name\":\"In\u00edcio\",\"item\":\"https:\\\/\\\/rioservicosmedicos.com.br\\\/\"},{\"@type\":\"ListItem\",\"position\":2,\"name\":\"Preparo pHmetria de Es\u00f4fago\"}]},{\"@type\":\"WebSite\",\"@id\":\"https:\\\/\\\/rioservicosmedicos.com.br\\\/#website\",\"url\":\"https:\\\/\\\/rioservicosmedicos.com.br\\\/\",\"name\":\"Servi\u00e7os M\u00e9dicos\",\"description\":\"rioservicosmedicos.com.br\",\"potentialAction\":[{\"@type\":\"SearchAction\",\"target\":{\"@type\":\"EntryPoint\",\"urlTemplate\":\"https:\\\/\\\/rioservicosmedicos.com.br\\\/?s={search_term_string}\"},\"query-input\":{\"@type\":\"PropertyValueSpecification\",\"valueRequired\":true,\"valueName\":\"search_term_string\"}}],\"inLanguage\":\"pt-BR\"}]}<\/script>\n<!-- \/ Yoast SEO plugin. -->","yoast_head_json":{"title":"Preparo pHmetria de Es\u00f4fago - Servi\u00e7os M\u00e9dicos","robots":{"index":"noindex","follow":"follow","max-snippet":"max-snippet:-1","max-image-preview":"max-image-preview:large","max-video-preview":"max-video-preview:-1"},"og_locale":"pt_BR","og_type":"article","og_title":"Preparo pHmetria de Es\u00f4fago - Servi\u00e7os M\u00e9dicos","og_description":"INSTRU\u00c7\u00c3O DE PREPARO pHmetria de Es\u00f4fagoPrepara\u00e7\u00e3o \u00a0&#8211; 7 dias antes do exame suspender o uso de medica\u00e7\u00f5es para o est\u00f4mago, como Omeprazol, Esomeprazol, Pantoprazol, Bromoprida, Domperidona (Motilium) e\/ou anti\u00e1cidos ( Mylanta Plus) Dia do exame -At\u00e9 no m\u00e1ximo \u00e0s 8h da manh\u00e3, \u00e9 permitido tomar ch\u00e1 ou suco e comer 4 (quatro) bolachas de \u00e1gua [&hellip;]","og_url":"https:\/\/rioservicosmedicos.com.br\/?page_id=2439","og_site_name":"Servi\u00e7os M\u00e9dicos","article_modified_time":"2026-01-10T20:46:43+00:00","og_image":[{"url":"https:\/\/wpt-kvry.186-209-113-107.cpanel.site\/wp-content\/uploads\/2024\/06\/clinica54.webp","type":"","width":"","height":""}],"twitter_card":"summary_large_image","twitter_misc":{"Est. tempo de leitura":"1 minuto"},"schema":{"@context":"https:\/\/schema.org","@graph":[{"@type":"WebPage","@id":"https:\/\/rioservicosmedicos.com.br\/?page_id=2439","url":"https:\/\/rioservicosmedicos.com.br\/?page_id=2439","name":"Preparo pHmetria de Es\u00f4fago - Servi\u00e7os M\u00e9dicos","isPartOf":{"@id":"https:\/\/rioservicosmedicos.com.br\/#website"},"primaryImageOfPage":{"@id":"https:\/\/rioservicosmedicos.com.br\/?page_id=2439#primaryimage"},"image":{"@id":"https:\/\/rioservicosmedicos.com.br\/?page_id=2439#primaryimage"},"thumbnailUrl":"https:\/\/wpt-kvry.186-209-113-107.cpanel.site\/wp-content\/uploads\/2024\/06\/clinica54.webp","datePublished":"2024-05-07T11:01:25+00:00","dateModified":"2026-01-10T20:46:43+00:00","breadcrumb":{"@id":"https:\/\/rioservicosmedicos.com.br\/?page_id=2439#breadcrumb"},"inLanguage":"pt-BR","potentialAction":[{"@type":"ReadAction","target":["https:\/\/rioservicosmedicos.com.br\/?page_id=2439"]}]},{"@type":"ImageObject","inLanguage":"pt-BR","@id":"https:\/\/rioservicosmedicos.com.br\/?page_id=2439#primaryimage","url":"https:\/\/wpt-kvry.186-209-113-107.cpanel.site\/wp-content\/uploads\/2024\/06\/clinica54.webp","contentUrl":"https:\/\/wpt-kvry.186-209-113-107.cpanel.site\/wp-content\/uploads\/2024\/06\/clinica54.webp"},{"@type":"BreadcrumbList","@id":"https:\/\/rioservicosmedicos.com.br\/?page_id=2439#breadcrumb","itemListElement":[{"@type":"ListItem","position":1,"name":"In\u00edcio","item":"https:\/\/rioservicosmedicos.com.br\/"},{"@type":"ListItem","position":2,"name":"Preparo pHmetria de Es\u00f4fago"}]},{"@type":"WebSite","@id":"https:\/\/rioservicosmedicos.com.br\/#website","url":"https:\/\/rioservicosmedicos.com.br\/","name":"Servi\u00e7os M\u00e9dicos","description":"rioservicosmedicos.com.br","potentialAction":[{"@type":"SearchAction","target":{"@type":"EntryPoint","urlTemplate":"https:\/\/rioservicosmedicos.com.br\/?s={search_term_string}"},"query-input":{"@type":"PropertyValueSpecification","valueRequired":true,"valueName":"search_term_string"}}],"inLanguage":"pt-BR"}]}},"_links":{"self":[{"href":"https:\/\/wpt-kvry.186-209-113-107.cpanel.site\/index.php?rest_route=\/wp\/v2\/pages\/2439","targetHints":{"allow":["GET"]}}],"collection":[{"href":"https:\/\/wpt-kvry.186-209-113-107.cpanel.site\/index.php?rest_route=\/wp\/v2\/pages"}],"about":[{"href":"https:\/\/wpt-kvry.186-209-113-107.cpanel.site\/index.php?rest_route=\/wp\/v2\/types\/page"}],"author":[{"embeddable":true,"href":"https:\/\/wpt-kvry.186-209-113-107.cpanel.site\/index.php?rest_route=\/wp\/v2\/users\/1"}],"replies":[{"embeddable":true,"href":"https:\/\/wpt-kvry.186-209-113-107.cpanel.site\/index.php?rest_route=%2Fwp%2Fv2%2Fcomments&post=2439"}],"version-history":[{"count":6,"href":"https:\/\/wpt-kvry.186-209-113-107.cpanel.site\/index.php?rest_route=\/wp\/v2\/pages\/2439\/revisions"}],"predecessor-version":[{"id":3133,"href":"https:\/\/wpt-kvry.186-209-113-107.cpanel.site\/index.php?rest_route=\/wp\/v2\/pages\/2439\/revisions\/3133"}],"wp:attachment":[{"href":"https:\/\/wpt-kvry.186-209-113-107.cpanel.site\/index.php?rest_route=%2Fwp%2Fv2%2Fmedia&parent=2439"}],"curies":[{"name":"wp","href":"https:\/\/api.w.org\/{rel}","templated":true}]}}