{"id":2450,"date":"2024-05-07T08:04:58","date_gmt":"2024-05-07T11:04:58","guid":{"rendered":"https:\/\/rioservicosmedicos.superclinicas.com.br\/preparo-anuscopia-copy\/"},"modified":"2026-01-10T17:46:42","modified_gmt":"2026-01-10T20:46:42","slug":"preparo-manometria-de-esofago","status":"publish","type":"page","link":"https:\/\/wpt-kvry.186-209-113-107.cpanel.site\/?page_id=2450","title":{"rendered":"Preparo Manometria de Es\u00f4fago"},"content":{"rendered":"\t\t<div data-elementor-type=\"wp-page\" data-elementor-id=\"2450\" class=\"elementor elementor-2450\" data-elementor-post-type=\"page\">\n\t\t\t\t\t\t<section class=\"elementor-section elementor-top-section elementor-element elementor-element-a4cc47c elementor-section-boxed elementor-section-height-default elementor-section-height-default\" data-id=\"a4cc47c\" data-element_type=\"section\" data-e-type=\"section\" data-settings=\"{&quot;background_background&quot;:&quot;classic&quot;}\">\n\t\t\t\t\t\t<div class=\"elementor-container elementor-column-gap-default\">\n\t\t\t\t\t<div class=\"elementor-column elementor-col-100 elementor-top-column elementor-element elementor-element-9ce0072\" data-id=\"9ce0072\" data-element_type=\"column\" data-e-type=\"column\">\n\t\t\t<div class=\"elementor-widget-wrap elementor-element-populated\">\n\t\t\t\t\t\t<div class=\"elementor-element elementor-element-7b85ca5 elementor-widget elementor-widget-heading\" data-id=\"7b85ca5\" data-element_type=\"widget\" data-e-type=\"widget\" data-widget_type=\"heading.default\">\n\t\t\t\t<div class=\"elementor-widget-container\">\n\t\t\t\t\t<h2 class=\"elementor-heading-title elementor-size-default\">INSTRU\u00c7\u00c3O DE PREPARO<\/h2>\t\t\t\t<\/div>\n\t\t\t\t<\/div>\n\t\t\t\t<div class=\"elementor-element elementor-element-da0a718 elementor-widget elementor-widget-text-editor\" data-id=\"da0a718\" data-element_type=\"widget\" data-e-type=\"widget\" data-widget_type=\"text-editor.default\">\n\t\t\t\t<div class=\"elementor-widget-container\">\n\t\t\t\t\t\t\t\t\tManometria de Es\u00f4fago\t\t\t\t\t\t\t\t<\/div>\n\t\t\t\t<\/div>\n\t\t\t\t\t<\/div>\n\t\t<\/div>\n\t\t\t\t\t<\/div>\n\t\t<\/section>\n\t\t\t\t<section class=\"elementor-section elementor-top-section elementor-element elementor-element-ef1abfe elementor-section-boxed elementor-section-height-default elementor-section-height-default\" data-id=\"ef1abfe\" data-element_type=\"section\" data-e-type=\"section\" data-settings=\"{&quot;background_background&quot;:&quot;classic&quot;}\">\n\t\t\t\t\t\t<div class=\"elementor-container elementor-column-gap-default\">\n\t\t\t\t\t<div class=\"elementor-column elementor-col-100 elementor-top-column elementor-element elementor-element-1b29855\" data-id=\"1b29855\" data-element_type=\"column\" data-e-type=\"column\">\n\t\t\t<div class=\"elementor-widget-wrap elementor-element-populated\">\n\t\t\t\t\t\t<div class=\"elementor-element elementor-element-c05c27b elementor-widget elementor-widget-text-editor\" data-id=\"c05c27b\" data-element_type=\"widget\" data-e-type=\"widget\" data-widget_type=\"text-editor.default\">\n\t\t\t\t<div class=\"elementor-widget-container\">\n\t\t\t\t\t\t\t\t\tDia do exame\t\t\t\t\t\t\t\t<\/div>\n\t\t\t\t<\/div>\n\t\t\t\t<div class=\"elementor-element elementor-element-65d9f8b elementor-widget elementor-widget-text-editor\" data-id=\"65d9f8b\" data-element_type=\"widget\" data-e-type=\"widget\" data-widget_type=\"text-editor.default\">\n\t\t\t\t<div class=\"elementor-widget-container\">\n\t\t\t\t\t\t\t\t\t<p>&#8211; At\u00e9 no m\u00e1ximo \u00e0s 8h da manh\u00e3, \u00e9 permitido tomar ch\u00e1 ou suco e comer 4 (quatro) bolachas de \u00e1gua e sal.<\/p><p>&#8211; \u00c9 proibido ingerir leite ou derivados (queijo, iogurte).\u00a0<\/p><p>ATE HOR\u00c1RIO O DO EXAME, N\u00c3O COMER E NEM BEBER NENHUM L\u00cdQUIDO\u00a0<\/p><p>&#8211; O paciente com 17 anos ou menos deve vir acompanhado de um respons\u00e1vel maior de idade.<\/p><p>&#8211; Caso j\u00e1 tenha realizado exame de Endoscopia, Manometria ou pHmetria de Es\u00f4fago, favor trazer o resultado.<\/p><p><span class=\"ql-color-#132d42\">&#8211; <\/span>Trazer pedido m\u00e9dico carimbado e assinado pelo m\u00e9dico. Para conv\u00eanios e cart\u00f5es de descontos, se necess\u00e1rio, tamb\u00e9m trazer a guia de autoriza\u00e7\u00e3o endere\u00e7ada para Rio Servi\u00e7os M\u00e9dicos, carteirinha e documento com foto.<\/p>\t\t\t\t\t\t\t\t<\/div>\n\t\t\t\t<\/div>\n\t\t\t\t\t<\/div>\n\t\t<\/div>\n\t\t\t\t\t<\/div>\n\t\t<\/section>\n\t\t\t\t<section class=\"elementor-section elementor-top-section elementor-element elementor-element-8be9975 elementor-section-height-min-height elementor-section-boxed elementor-section-height-default elementor-section-items-middle\" data-id=\"8be9975\" data-element_type=\"section\" data-e-type=\"section\" data-settings=\"{&quot;background_background&quot;:&quot;classic&quot;}\">\n\t\t\t\t\t\t\t<div class=\"elementor-background-overlay\"><\/div>\n\t\t\t\t\t\t\t<div class=\"elementor-container elementor-column-gap-default\">\n\t\t\t\t\t<div class=\"elementor-column elementor-col-50 elementor-top-column elementor-element elementor-element-68f2f58\" data-id=\"68f2f58\" data-element_type=\"column\" data-e-type=\"column\">\n\t\t\t<div class=\"elementor-widget-wrap elementor-element-populated\">\n\t\t\t\t\t\t<div class=\"elementor-element elementor-element-f70c922 elementor-widget elementor-widget-heading\" data-id=\"f70c922\" data-element_type=\"widget\" data-e-type=\"widget\" data-widget_type=\"heading.default\">\n\t\t\t\t<div class=\"elementor-widget-container\">\n\t\t\t\t\t<h2 class=\"elementor-heading-title elementor-size-default\">Solicite seu atendimento com hora marcada<\/h2>\t\t\t\t<\/div>\n\t\t\t\t<\/div>\n\t\t\t\t<div class=\"elementor-element elementor-element-e06f92f elementor-widget elementor-widget-text-editor\" data-id=\"e06f92f\" data-element_type=\"widget\" data-e-type=\"widget\" data-widget_type=\"text-editor.default\">\n\t\t\t\t<div class=\"elementor-widget-container\">\n\t\t\t\t\t\t\t\t\tEntre em contato e fale conosco\t\t\t\t\t\t\t\t<\/div>\n\t\t\t\t<\/div>\n\t\t\t\t<div class=\"elementor-element elementor-element-b89b555 elementor-align-center elementor-widget elementor-widget-button\" data-id=\"b89b555\" data-element_type=\"widget\" data-e-type=\"widget\" data-widget_type=\"button.default\">\n\t\t\t\t<div class=\"elementor-widget-container\">\n\t\t\t\t\t\t\t\t\t<div class=\"elementor-button-wrapper\">\n\t\t\t\t\t<a class=\"elementor-button elementor-button-link elementor-size-md\" href=\"https:\/\/api.whatsapp.com\/send?phone=5511999002771&#038;text=Ol%C3%A1,%20venho%20do%20site%20e%20gostaria%20de%20esclarecer%20algumas%20d%C3%BAvidas\" target=\"_blank\">\n\t\t\t\t\t\t<span class=\"elementor-button-content-wrapper\">\n\t\t\t\t\t\t<span class=\"elementor-button-icon\">\n\t\t\t\t<i aria-hidden=\"true\" class=\"fab fa-whatsapp\"><\/i>\t\t\t<\/span>\n\t\t\t\t\t\t\t\t\t<span class=\"elementor-button-text\">Entre em contato pelo WhatsApp<\/span>\n\t\t\t\t\t<\/span>\n\t\t\t\t\t<\/a>\n\t\t\t\t<\/div>\n\t\t\t\t\t\t\t\t<\/div>\n\t\t\t\t<\/div>\n\t\t\t\t<div class=\"elementor-element elementor-element-2f5b98e elementor-widget elementor-widget-text-editor\" data-id=\"2f5b98e\" data-element_type=\"widget\" data-e-type=\"widget\" data-widget_type=\"text-editor.default\">\n\t\t\t\t<div class=\"elementor-widget-container\">\n\t\t\t\t\t\t\t\t\tOu ligue para:\t\t\t\t\t\t\t\t<\/div>\n\t\t\t\t<\/div>\n\t\t\t\t<div class=\"elementor-element elementor-element-de84ce9 elementor-widget elementor-widget-text-editor\" data-id=\"de84ce9\" data-element_type=\"widget\" data-e-type=\"widget\" data-widget_type=\"text-editor.default\">\n\t\t\t\t<div class=\"elementor-widget-container\">\n\t\t\t\t\t\t\t\t\t(11) 4994-2385\t\t\t\t\t\t\t\t<\/div>\n\t\t\t\t<\/div>\n\t\t\t\t\t<\/div>\n\t\t<\/div>\n\t\t\t\t<div class=\"elementor-column elementor-col-50 elementor-top-column elementor-element elementor-element-1f33e5d\" data-id=\"1f33e5d\" data-element_type=\"column\" data-e-type=\"column\">\n\t\t\t<div class=\"elementor-widget-wrap elementor-element-populated\">\n\t\t\t\t\t\t<div class=\"elementor-element elementor-element-ea35505 elementor-widget elementor-widget-image\" data-id=\"ea35505\" data-element_type=\"widget\" data-e-type=\"widget\" data-widget_type=\"image.default\">\n\t\t\t\t<div class=\"elementor-widget-container\">\n\t\t\t\t\t\t\t\t\t\t\t\t\t\t\t<img fetchpriority=\"high\" decoding=\"async\" width=\"640\" height=\"480\" src=\"https:\/\/wpt-kvry.186-209-113-107.cpanel.site\/wp-content\/uploads\/2024\/06\/clinica53.webp\" class=\"attachment-large size-large wp-image-2754\" alt=\"\" srcset=\"https:\/\/wpt-kvry.186-209-113-107.cpanel.site\/wp-content\/uploads\/2024\/06\/clinica53.webp 640w, https:\/\/wpt-kvry.186-209-113-107.cpanel.site\/wp-content\/uploads\/2024\/06\/clinica53-300x225.webp 300w\" sizes=\"(max-width: 640px) 100vw, 640px\" \/>\t\t\t\t\t\t\t\t\t\t\t\t\t\t\t<\/div>\n\t\t\t\t<\/div>\n\t\t\t\t\t<\/div>\n\t\t<\/div>\n\t\t\t\t\t<\/div>\n\t\t<\/section>\n\t\t\t\t<section class=\"elementor-section elementor-top-section elementor-element elementor-element-8a00578 elementor-section-boxed elementor-section-height-default elementor-section-height-default\" data-id=\"8a00578\" data-element_type=\"section\" data-e-type=\"section\" data-settings=\"{&quot;background_background&quot;:&quot;classic&quot;}\">\n\t\t\t\t\t\t<div class=\"elementor-container elementor-column-gap-default\">\n\t\t\t\t\t<div class=\"elementor-column elementor-col-100 elementor-top-column elementor-element elementor-element-1dcfc56\" data-id=\"1dcfc56\" data-element_type=\"column\" data-e-type=\"column\">\n\t\t\t<div class=\"elementor-widget-wrap elementor-element-populated\">\n\t\t\t\t\t\t<div class=\"elementor-element elementor-element-cf188cb elementor-widget elementor-widget-heading\" data-id=\"cf188cb\" data-element_type=\"widget\" data-e-type=\"widget\" data-widget_type=\"heading.default\">\n\t\t\t\t<div class=\"elementor-widget-container\">\n\t\t\t\t\t<h2 class=\"elementor-heading-title elementor-size-default\">FA\u00c7A-NOS UMA VISiTA<\/h2>\t\t\t\t<\/div>\n\t\t\t\t<\/div>\n\t\t\t\t<div class=\"elementor-element elementor-element-2b7e4bf elementor-widget elementor-widget-text-editor\" data-id=\"2b7e4bf\" data-element_type=\"widget\" data-e-type=\"widget\" data-widget_type=\"text-editor.default\">\n\t\t\t\t<div class=\"elementor-widget-container\">\n\t\t\t\t\t\t\t\t\tEntre em contato e agende seu exame\t\t\t\t\t\t\t\t<\/div>\n\t\t\t\t<\/div>\n\t\t\t\t<div class=\"elementor-element elementor-element-5bce667 gallery-spacing-custom elementor-widget elementor-widget-image-gallery\" data-id=\"5bce667\" data-element_type=\"widget\" data-e-type=\"widget\" data-widget_type=\"image-gallery.default\">\n\t\t\t\t<div class=\"elementor-widget-container\">\n\t\t\t\t\t\t\t<div class=\"elementor-image-gallery\">\n\t\t\t<div id='gallery-1' class='gallery galleryid-2450 gallery-columns-3 gallery-size-full'><figure class='gallery-item'>\n\t\t\t<div class='gallery-icon landscape'>\n\t\t\t\t<img decoding=\"async\" width=\"640\" height=\"480\" src=\"https:\/\/wpt-kvry.186-209-113-107.cpanel.site\/wp-content\/uploads\/2024\/06\/clinica50.webp\" class=\"attachment-full size-full\" alt=\"\" srcset=\"https:\/\/wpt-kvry.186-209-113-107.cpanel.site\/wp-content\/uploads\/2024\/06\/clinica50.webp 640w, https:\/\/wpt-kvry.186-209-113-107.cpanel.site\/wp-content\/uploads\/2024\/06\/clinica50-300x225.webp 300w\" sizes=\"(max-width: 640px) 100vw, 640px\" \/>\n\t\t\t<\/div><\/figure><figure class='gallery-item'>\n\t\t\t<div class='gallery-icon landscape'>\n\t\t\t\t<img decoding=\"async\" width=\"640\" height=\"480\" src=\"https:\/\/wpt-kvry.186-209-113-107.cpanel.site\/wp-content\/uploads\/2024\/06\/clinica51.webp\" class=\"attachment-full size-full\" alt=\"\" srcset=\"https:\/\/wpt-kvry.186-209-113-107.cpanel.site\/wp-content\/uploads\/2024\/06\/clinica51.webp 640w, https:\/\/wpt-kvry.186-209-113-107.cpanel.site\/wp-content\/uploads\/2024\/06\/clinica51-300x225.webp 300w\" sizes=\"(max-width: 640px) 100vw, 640px\" \/>\n\t\t\t<\/div><\/figure><figure class='gallery-item'>\n\t\t\t<div class='gallery-icon landscape'>\n\t\t\t\t<img loading=\"lazy\" decoding=\"async\" width=\"640\" height=\"480\" src=\"https:\/\/wpt-kvry.186-209-113-107.cpanel.site\/wp-content\/uploads\/2024\/06\/clinica52.webp\" class=\"attachment-full size-full\" alt=\"\" srcset=\"https:\/\/wpt-kvry.186-209-113-107.cpanel.site\/wp-content\/uploads\/2024\/06\/clinica52.webp 640w, https:\/\/wpt-kvry.186-209-113-107.cpanel.site\/wp-content\/uploads\/2024\/06\/clinica52-300x225.webp 300w\" sizes=\"(max-width: 640px) 100vw, 640px\" \/>\n\t\t\t<\/div><\/figure><figure class='gallery-item'>\n\t\t\t<div class='gallery-icon landscape'>\n\t\t\t\t<img loading=\"lazy\" decoding=\"async\" width=\"640\" height=\"480\" src=\"https:\/\/wpt-kvry.186-209-113-107.cpanel.site\/wp-content\/uploads\/2024\/06\/clinica53.webp\" class=\"attachment-full size-full\" alt=\"\" srcset=\"https:\/\/wpt-kvry.186-209-113-107.cpanel.site\/wp-content\/uploads\/2024\/06\/clinica53.webp 640w, https:\/\/wpt-kvry.186-209-113-107.cpanel.site\/wp-content\/uploads\/2024\/06\/clinica53-300x225.webp 300w\" sizes=\"(max-width: 640px) 100vw, 640px\" \/>\n\t\t\t<\/div><\/figure><figure class='gallery-item'>\n\t\t\t<div class='gallery-icon landscape'>\n\t\t\t\t<img loading=\"lazy\" decoding=\"async\" width=\"640\" height=\"480\" src=\"https:\/\/wpt-kvry.186-209-113-107.cpanel.site\/wp-content\/uploads\/2024\/06\/clinica54.webp\" class=\"attachment-full size-full\" alt=\"\" srcset=\"https:\/\/wpt-kvry.186-209-113-107.cpanel.site\/wp-content\/uploads\/2024\/06\/clinica54.webp 640w, https:\/\/wpt-kvry.186-209-113-107.cpanel.site\/wp-content\/uploads\/2024\/06\/clinica54-300x225.webp 300w\" sizes=\"(max-width: 640px) 100vw, 640px\" \/>\n\t\t\t<\/div><\/figure><figure class='gallery-item'>\n\t\t\t<div class='gallery-icon landscape'>\n\t\t\t\t<img loading=\"lazy\" decoding=\"async\" width=\"640\" height=\"480\" src=\"https:\/\/wpt-kvry.186-209-113-107.cpanel.site\/wp-content\/uploads\/2024\/06\/clinica55.webp\" class=\"attachment-full size-full\" alt=\"\" srcset=\"https:\/\/wpt-kvry.186-209-113-107.cpanel.site\/wp-content\/uploads\/2024\/06\/clinica55.webp 640w, https:\/\/wpt-kvry.186-209-113-107.cpanel.site\/wp-content\/uploads\/2024\/06\/clinica55-300x225.webp 300w\" sizes=\"(max-width: 640px) 100vw, 640px\" \/>\n\t\t\t<\/div><\/figure>\n\t\t<\/div>\n\t\t<\/div>\n\t\t\t\t\t\t<\/div>\n\t\t\t\t<\/div>\n\t\t\t\t\t<\/div>\n\t\t<\/div>\n\t\t\t\t\t<\/div>\n\t\t<\/section>\n\t\t\t\t<\/div>\n\t\t","protected":false},"excerpt":{"rendered":"<p>INSTRU\u00c7\u00c3O DE PREPARO Manometria de Es\u00f4fagoDia do exame &#8211; At\u00e9 no m\u00e1ximo \u00e0s 8h da manh\u00e3, \u00e9 permitido tomar ch\u00e1 ou suco e comer 4 (quatro) bolachas de \u00e1gua e sal. &#8211; \u00c9 proibido ingerir leite ou derivados (queijo, iogurte).\u00a0 ATE HOR\u00c1RIO O DO EXAME, N\u00c3O COMER E NEM BEBER NENHUM L\u00cdQUIDO\u00a0 &#8211; O paciente [&hellip;]<\/p>\n","protected":false},"author":1,"featured_media":0,"parent":0,"menu_order":0,"comment_status":"closed","ping_status":"closed","template":"","meta":{"footnotes":""},"class_list":["post-2450","page","type-page","status-publish","hentry"],"yoast_head":"<!-- This site is optimized with the Yoast SEO plugin v27.5 - https:\/\/yoast.com\/product\/yoast-seo-wordpress\/ -->\n<title>Preparo Manometria de Es\u00f4fago - Servi\u00e7os M\u00e9dicos<\/title>\n<meta name=\"robots\" content=\"noindex, follow, max-snippet:-1, max-image-preview:large, max-video-preview:-1\" \/>\n<meta property=\"og:locale\" content=\"pt_BR\" \/>\n<meta property=\"og:type\" content=\"article\" \/>\n<meta property=\"og:title\" content=\"Preparo Manometria de Es\u00f4fago - Servi\u00e7os M\u00e9dicos\" \/>\n<meta property=\"og:description\" content=\"INSTRU\u00c7\u00c3O DE PREPARO Manometria de Es\u00f4fagoDia do exame &#8211; At\u00e9 no m\u00e1ximo \u00e0s 8h da manh\u00e3, \u00e9 permitido tomar ch\u00e1 ou suco e comer 4 (quatro) bolachas de \u00e1gua e sal. &#8211; \u00c9 proibido ingerir leite ou derivados (queijo, iogurte).\u00a0 ATE HOR\u00c1RIO O DO EXAME, N\u00c3O COMER E NEM BEBER NENHUM L\u00cdQUIDO\u00a0 &#8211; O paciente [&hellip;]\" \/>\n<meta property=\"og:url\" content=\"https:\/\/rioservicosmedicos.com.br\/?page_id=2450\" \/>\n<meta property=\"og:site_name\" content=\"Servi\u00e7os M\u00e9dicos\" \/>\n<meta property=\"article:modified_time\" content=\"2026-01-10T20:46:42+00:00\" \/>\n<meta property=\"og:image\" content=\"https:\/\/wpt-kvry.186-209-113-107.cpanel.site\/wp-content\/uploads\/2024\/06\/clinica53.webp\" \/>\n<meta name=\"twitter:card\" content=\"summary_large_image\" \/>\n<meta name=\"twitter:label1\" content=\"Est. tempo de leitura\" \/>\n\t<meta name=\"twitter:data1\" content=\"1 minuto\" \/>\n<script type=\"application\/ld+json\" class=\"yoast-schema-graph\">{\"@context\":\"https:\\\/\\\/schema.org\",\"@graph\":[{\"@type\":\"WebPage\",\"@id\":\"https:\\\/\\\/rioservicosmedicos.com.br\\\/?page_id=2450\",\"url\":\"https:\\\/\\\/rioservicosmedicos.com.br\\\/?page_id=2450\",\"name\":\"Preparo Manometria de Es\u00f4fago - Servi\u00e7os M\u00e9dicos\",\"isPartOf\":{\"@id\":\"https:\\\/\\\/rioservicosmedicos.com.br\\\/#website\"},\"primaryImageOfPage\":{\"@id\":\"https:\\\/\\\/rioservicosmedicos.com.br\\\/?page_id=2450#primaryimage\"},\"image\":{\"@id\":\"https:\\\/\\\/rioservicosmedicos.com.br\\\/?page_id=2450#primaryimage\"},\"thumbnailUrl\":\"https:\\\/\\\/wpt-kvry.186-209-113-107.cpanel.site\\\/wp-content\\\/uploads\\\/2024\\\/06\\\/clinica53.webp\",\"datePublished\":\"2024-05-07T11:04:58+00:00\",\"dateModified\":\"2026-01-10T20:46:42+00:00\",\"breadcrumb\":{\"@id\":\"https:\\\/\\\/rioservicosmedicos.com.br\\\/?page_id=2450#breadcrumb\"},\"inLanguage\":\"pt-BR\",\"potentialAction\":[{\"@type\":\"ReadAction\",\"target\":[\"https:\\\/\\\/rioservicosmedicos.com.br\\\/?page_id=2450\"]}]},{\"@type\":\"ImageObject\",\"inLanguage\":\"pt-BR\",\"@id\":\"https:\\\/\\\/rioservicosmedicos.com.br\\\/?page_id=2450#primaryimage\",\"url\":\"https:\\\/\\\/wpt-kvry.186-209-113-107.cpanel.site\\\/wp-content\\\/uploads\\\/2024\\\/06\\\/clinica53.webp\",\"contentUrl\":\"https:\\\/\\\/wpt-kvry.186-209-113-107.cpanel.site\\\/wp-content\\\/uploads\\\/2024\\\/06\\\/clinica53.webp\"},{\"@type\":\"BreadcrumbList\",\"@id\":\"https:\\\/\\\/rioservicosmedicos.com.br\\\/?page_id=2450#breadcrumb\",\"itemListElement\":[{\"@type\":\"ListItem\",\"position\":1,\"name\":\"In\u00edcio\",\"item\":\"https:\\\/\\\/rioservicosmedicos.com.br\\\/\"},{\"@type\":\"ListItem\",\"position\":2,\"name\":\"Preparo Manometria de Es\u00f4fago\"}]},{\"@type\":\"WebSite\",\"@id\":\"https:\\\/\\\/rioservicosmedicos.com.br\\\/#website\",\"url\":\"https:\\\/\\\/rioservicosmedicos.com.br\\\/\",\"name\":\"Servi\u00e7os M\u00e9dicos\",\"description\":\"rioservicosmedicos.com.br\",\"potentialAction\":[{\"@type\":\"SearchAction\",\"target\":{\"@type\":\"EntryPoint\",\"urlTemplate\":\"https:\\\/\\\/rioservicosmedicos.com.br\\\/?s={search_term_string}\"},\"query-input\":{\"@type\":\"PropertyValueSpecification\",\"valueRequired\":true,\"valueName\":\"search_term_string\"}}],\"inLanguage\":\"pt-BR\"}]}<\/script>\n<!-- \/ Yoast SEO plugin. -->","yoast_head_json":{"title":"Preparo Manometria de Es\u00f4fago - Servi\u00e7os M\u00e9dicos","robots":{"index":"noindex","follow":"follow","max-snippet":"max-snippet:-1","max-image-preview":"max-image-preview:large","max-video-preview":"max-video-preview:-1"},"og_locale":"pt_BR","og_type":"article","og_title":"Preparo Manometria de Es\u00f4fago - Servi\u00e7os M\u00e9dicos","og_description":"INSTRU\u00c7\u00c3O DE PREPARO Manometria de Es\u00f4fagoDia do exame &#8211; At\u00e9 no m\u00e1ximo \u00e0s 8h da manh\u00e3, \u00e9 permitido tomar ch\u00e1 ou suco e comer 4 (quatro) bolachas de \u00e1gua e sal. &#8211; \u00c9 proibido ingerir leite ou derivados (queijo, iogurte).\u00a0 ATE HOR\u00c1RIO O DO EXAME, N\u00c3O COMER E NEM BEBER NENHUM L\u00cdQUIDO\u00a0 &#8211; O paciente [&hellip;]","og_url":"https:\/\/rioservicosmedicos.com.br\/?page_id=2450","og_site_name":"Servi\u00e7os M\u00e9dicos","article_modified_time":"2026-01-10T20:46:42+00:00","og_image":[{"url":"https:\/\/wpt-kvry.186-209-113-107.cpanel.site\/wp-content\/uploads\/2024\/06\/clinica53.webp","type":"","width":"","height":""}],"twitter_card":"summary_large_image","twitter_misc":{"Est. tempo de leitura":"1 minuto"},"schema":{"@context":"https:\/\/schema.org","@graph":[{"@type":"WebPage","@id":"https:\/\/rioservicosmedicos.com.br\/?page_id=2450","url":"https:\/\/rioservicosmedicos.com.br\/?page_id=2450","name":"Preparo Manometria de Es\u00f4fago - Servi\u00e7os M\u00e9dicos","isPartOf":{"@id":"https:\/\/rioservicosmedicos.com.br\/#website"},"primaryImageOfPage":{"@id":"https:\/\/rioservicosmedicos.com.br\/?page_id=2450#primaryimage"},"image":{"@id":"https:\/\/rioservicosmedicos.com.br\/?page_id=2450#primaryimage"},"thumbnailUrl":"https:\/\/wpt-kvry.186-209-113-107.cpanel.site\/wp-content\/uploads\/2024\/06\/clinica53.webp","datePublished":"2024-05-07T11:04:58+00:00","dateModified":"2026-01-10T20:46:42+00:00","breadcrumb":{"@id":"https:\/\/rioservicosmedicos.com.br\/?page_id=2450#breadcrumb"},"inLanguage":"pt-BR","potentialAction":[{"@type":"ReadAction","target":["https:\/\/rioservicosmedicos.com.br\/?page_id=2450"]}]},{"@type":"ImageObject","inLanguage":"pt-BR","@id":"https:\/\/rioservicosmedicos.com.br\/?page_id=2450#primaryimage","url":"https:\/\/wpt-kvry.186-209-113-107.cpanel.site\/wp-content\/uploads\/2024\/06\/clinica53.webp","contentUrl":"https:\/\/wpt-kvry.186-209-113-107.cpanel.site\/wp-content\/uploads\/2024\/06\/clinica53.webp"},{"@type":"BreadcrumbList","@id":"https:\/\/rioservicosmedicos.com.br\/?page_id=2450#breadcrumb","itemListElement":[{"@type":"ListItem","position":1,"name":"In\u00edcio","item":"https:\/\/rioservicosmedicos.com.br\/"},{"@type":"ListItem","position":2,"name":"Preparo Manometria de Es\u00f4fago"}]},{"@type":"WebSite","@id":"https:\/\/rioservicosmedicos.com.br\/#website","url":"https:\/\/rioservicosmedicos.com.br\/","name":"Servi\u00e7os M\u00e9dicos","description":"rioservicosmedicos.com.br","potentialAction":[{"@type":"SearchAction","target":{"@type":"EntryPoint","urlTemplate":"https:\/\/rioservicosmedicos.com.br\/?s={search_term_string}"},"query-input":{"@type":"PropertyValueSpecification","valueRequired":true,"valueName":"search_term_string"}}],"inLanguage":"pt-BR"}]}},"_links":{"self":[{"href":"https:\/\/wpt-kvry.186-209-113-107.cpanel.site\/index.php?rest_route=\/wp\/v2\/pages\/2450","targetHints":{"allow":["GET"]}}],"collection":[{"href":"https:\/\/wpt-kvry.186-209-113-107.cpanel.site\/index.php?rest_route=\/wp\/v2\/pages"}],"about":[{"href":"https:\/\/wpt-kvry.186-209-113-107.cpanel.site\/index.php?rest_route=\/wp\/v2\/types\/page"}],"author":[{"embeddable":true,"href":"https:\/\/wpt-kvry.186-209-113-107.cpanel.site\/index.php?rest_route=\/wp\/v2\/users\/1"}],"replies":[{"embeddable":true,"href":"https:\/\/wpt-kvry.186-209-113-107.cpanel.site\/index.php?rest_route=%2Fwp%2Fv2%2Fcomments&post=2450"}],"version-history":[{"count":6,"href":"https:\/\/wpt-kvry.186-209-113-107.cpanel.site\/index.php?rest_route=\/wp\/v2\/pages\/2450\/revisions"}],"predecessor-version":[{"id":3132,"href":"https:\/\/wpt-kvry.186-209-113-107.cpanel.site\/index.php?rest_route=\/wp\/v2\/pages\/2450\/revisions\/3132"}],"wp:attachment":[{"href":"https:\/\/wpt-kvry.186-209-113-107.cpanel.site\/index.php?rest_route=%2Fwp%2Fv2%2Fmedia&parent=2450"}],"curies":[{"name":"wp","href":"https:\/\/api.w.org\/{rel}","templated":true}]}}